{"id":1329,"date":"2021-03-18T01:30:10","date_gmt":"2021-03-18T01:30:10","guid":{"rendered":"https:\/\/stage.startertemplatecloud.com\/e10\/?page_id=1329"},"modified":"2025-05-08T20:54:41","modified_gmt":"2025-05-08T20:54:41","slug":"home-2","status":"publish","type":"page","link":"https:\/\/clientes.broadcastti.com.br\/mvcosta\/","title":{"rendered":"Home"},"content":{"rendered":"<style>.kadence-column1329_9d9432-06 > .kt-inside-inner-col{display:flex;}.kadence-column1329_9d9432-06 > .kt-inside-inner-col{padding-top:0px;}.kadence-column1329_9d9432-06 > .kt-inside-inner-col,.kadence-column1329_9d9432-06 > .kt-inside-inner-col:before{border-top-left-radius:0px;border-top-right-radius:0px;border-bottom-right-radius:0px;border-bottom-left-radius:0px;}.kadence-column1329_9d9432-06 > .kt-inside-inner-col{row-gap:var(--global-kb-gap-none, 0rem );column-gap:var(--global-kb-gap-sm, 1rem);}.kadence-column1329_9d9432-06 > .kt-inside-inner-col{flex-direction:column-reverse;justify-content:space-between;align-items:center;}.kadence-column1329_9d9432-06 > .kt-inside-inner-col > .kb-image-is-ratio-size{align-self:stretch;}.kadence-column1329_9d9432-06 > .kt-inside-inner-col > .wp-block-kadence-advancedgallery{align-self:stretch;}.kadence-column1329_9d9432-06 > .kt-inside-inner-col > .aligncenter{width:100%;}.kt-row-column-wrap > .kadence-column1329_9d9432-06{align-self:center;}.kt-inner-column-height-full:not(.kt-has-1-columns) > .wp-block-kadence-column.kadence-column1329_9d9432-06{align-self:auto;}.kt-inner-column-height-full:not(.kt-has-1-columns) > .wp-block-kadence-column.kadence-column1329_9d9432-06 > .kt-inside-inner-col{flex-direction:column;justify-content:space-between;}.kadence-column1329_9d9432-06 > .kt-inside-inner-col:before{opacity:0.3;}.kadence-column1329_9d9432-06{text-align:center;}.kadence-column1329_9d9432-06{position:relative;}.kadence-column1329_9d9432-06, .kt-inside-inner-col > .kadence-column1329_9d9432-06:not(.specificity){margin-top:var(--global-kb-spacing-3xl, 6.5rem);}@media all and (max-width: 1024px){.kt-row-column-wrap > .kadence-column1329_9d9432-06{align-self:center;}}@media all and (max-width: 1024px){.kt-inner-column-height-full:not(.kt-has-1-columns) > .wp-block-kadence-column.kadence-column1329_9d9432-06{align-self:auto;}}@media all and (max-width: 1024px){.kt-inner-column-height-full:not(.kt-has-1-columns) > .wp-block-kadence-column.kadence-column1329_9d9432-06 > .kt-inside-inner-col{flex-direction:column;justify-content:space-between;}}@media all and (max-width: 1024px){.kadence-column1329_9d9432-06 > .kt-inside-inner-col{flex-direction:column-reverse;align-items:center;}}@media all and (max-width: 767px){.kt-row-column-wrap > .kadence-column1329_9d9432-06{align-self:center;}.kt-inner-column-height-full:not(.kt-has-1-columns) > .wp-block-kadence-column.kadence-column1329_9d9432-06{align-self:auto;}.kt-inner-column-height-full:not(.kt-has-1-columns) > .wp-block-kadence-column.kadence-column1329_9d9432-06 > .kt-inside-inner-col{flex-direction:column;justify-content:space-between;}.kadence-column1329_9d9432-06 > .kt-inside-inner-col{flex-direction:column-reverse;align-items:center;}}<\/style>\n<div class=\"wp-block-kadence-column kadence-column1329_9d9432-06 kb-section-dir-vertical-reverse\"><div class=\"kt-inside-inner-col\">\n<div class=\"wp-block-columns has-text-color has-link-color wp-elements-c5389757fcb5a21e14b5bc1c02f3c0f9 is-layout-flex wp-container-core-columns-is-layout-9c14ecf2 wp-block-columns-is-layout-flex\" style=\"border-top-width:90px;color:#6b5eae;margin-top:var(--wp--preset--spacing--40);margin-bottom:var(--wp--preset--spacing--40)\">\n<div class=\"wp-block-column is-vertically-aligned-center is-layout-flow wp-block-column-is-layout-flow\" style=\"padding-top:var(--wp--preset--spacing--50);padding-bottom:var(--wp--preset--spacing--50)\">\n<p class=\"has-text-color has-link-color wp-elements-458008ab49d356e461e84c70c148f223\" style=\"color:#6b5eae\">S\u00e3o Paulo Rua Funchal 263 conj. 24, Vila Ol\u00edmpia Tel: (11) 4064-8200<\/p>\n<\/div>\n\n\n\n<div class=\"wp-block-column is-layout-flow wp-block-column-is-layout-flow\" style=\"padding-top:var(--wp--preset--spacing--50);padding-right:0;padding-bottom:var(--wp--preset--spacing--50);padding-left:0\">\n<p class=\"has-text-color has-link-color wp-elements-8c9e0a02326eb824fc2aeea05beb8e3f\" style=\"color:#6b5eae\">Rio de Janeiro Rua Lauro Muller 116 conj. 1408, Botafogo Tel: (21) 25267-188 <\/p>\n<\/div>\n\n\n\n<div class=\"wp-block-column is-vertically-aligned-center is-layout-flow wp-block-column-is-layout-flow\" style=\"padding-top:var(--wp--preset--spacing--50);padding-bottom:var(--wp--preset--spacing--50)\">\n<p class=\"has-text-align-center has-text-color has-link-color wp-elements-2fc6e7c4b8edaddbc5b34b3aafd35cd4\" style=\"color:#6b5eae\">contato@mvcosta.com.br<\/p>\n<\/div>\n<\/div>\n\n\n\n<p class=\"has-text-align-center has-text-color has-link-color has-medium-font-size wp-elements-1b9224a6e0eb7f70c7bd12365cc81b0e\" style=\"border-top-style:none;border-top-width:0px;color:#6b5eae;margin-top:0rem;margin-bottom:0rem\"><strong>Este site est\u00e1 em constru\u00e7\u00e3o. Em breve, voc\u00ea poder\u00e1 conhecer melhor nosso escrit\u00f3rio e os servi\u00e7os jur\u00eddicos que oferecemos. Agradecemos a sua compreens\u00e3o.<\/strong><\/p>\n\n\n<div class=\"wp-block-image\">\n<figure class=\"aligncenter size-full\" style=\"margin-top:0;margin-bottom:0\"><img loading=\"lazy\" decoding=\"async\" width=\"432\" height=\"243\" src=\"https:\/\/clientes.broadcastti.com.br\/mvcosta\/wp-content\/uploads\/2025\/05\/image001.png\" alt=\"\" class=\"wp-image-1408\" srcset=\"https:\/\/clientes.broadcastti.com.br\/mvcosta\/wp-content\/uploads\/2025\/05\/image001.png 432w, https:\/\/clientes.broadcastti.com.br\/mvcosta\/wp-content\/uploads\/2025\/05\/image001-300x169.png 300w\" sizes=\"auto, (max-width: 432px) 100vw, 432px\" \/><\/figure>\n<\/div><\/div><\/div>\n","protected":false},"excerpt":{"rendered":"<p>S\u00e3o Paulo Rua Funchal 263 conj. 24, Vila Ol\u00edmpia Tel: (11) 4064-8200 Rio de Janeiro Rua Lauro Muller 116 conj. 1408, Botafogo Tel: (21) 25267-188 contato@mvcosta.com.br Este site est\u00e1 em constru\u00e7\u00e3o. Em breve, voc\u00ea poder\u00e1 conhecer melhor nosso escrit\u00f3rio e os servi\u00e7os jur\u00eddicos que oferecemos. Agradecemos a sua compreens\u00e3o.<\/p>\n","protected":false},"author":1,"featured_media":1381,"parent":0,"menu_order":0,"comment_status":"closed","ping_status":"closed","template":"","meta":{"_kadence_starter_templates_imported_post":true,"_kad_post_transparent":"","_kad_post_title":"hide","_kad_post_layout":"fullwidth","_kad_post_sidebar_id":"","_kad_post_content_style":"unboxed","_kad_post_vertical_padding":"hide","_kad_post_feature":"hide","_kad_post_feature_position":"","_kad_post_header":false,"_kad_post_footer":false,"footnotes":""},"class_list":["post-1329","page","type-page","status-publish","has-post-thumbnail","hentry"],"_links":{"self":[{"href":"https:\/\/clientes.broadcastti.com.br\/mvcosta\/index.php\/wp-json\/wp\/v2\/pages\/1329","targetHints":{"allow":["GET"]}}],"collection":[{"href":"https:\/\/clientes.broadcastti.com.br\/mvcosta\/index.php\/wp-json\/wp\/v2\/pages"}],"about":[{"href":"https:\/\/clientes.broadcastti.com.br\/mvcosta\/index.php\/wp-json\/wp\/v2\/types\/page"}],"author":[{"embeddable":true,"href":"https:\/\/clientes.broadcastti.com.br\/mvcosta\/index.php\/wp-json\/wp\/v2\/users\/1"}],"replies":[{"embeddable":true,"href":"https:\/\/clientes.broadcastti.com.br\/mvcosta\/index.php\/wp-json\/wp\/v2\/comments?post=1329"}],"version-history":[{"count":60,"href":"https:\/\/clientes.broadcastti.com.br\/mvcosta\/index.php\/wp-json\/wp\/v2\/pages\/1329\/revisions"}],"predecessor-version":[{"id":1515,"href":"https:\/\/clientes.broadcastti.com.br\/mvcosta\/index.php\/wp-json\/wp\/v2\/pages\/1329\/revisions\/1515"}],"wp:featuredmedia":[{"embeddable":true,"href":"https:\/\/clientes.broadcastti.com.br\/mvcosta\/index.php\/wp-json\/wp\/v2\/media\/1381"}],"wp:attachment":[{"href":"https:\/\/clientes.broadcastti.com.br\/mvcosta\/index.php\/wp-json\/wp\/v2\/media?parent=1329"}],"curies":[{"name":"wp","href":"https:\/\/api.w.org\/{rel}","templated":true}]}}